{"id":9300,"date":"2022-06-28T14:44:59","date_gmt":"2022-06-28T12:44:59","guid":{"rendered":"https:\/\/kpsfood.pl\/?post_type=product&#038;p=9300"},"modified":"2022-06-28T15:37:19","modified_gmt":"2022-06-28T13:37:19","slug":"kawalki-z-kurczaka-w-panierce","status":"publish","type":"product","link":"https:\/\/kpsfood.pl\/en\/product\/kawalki-z-kurczaka-w-panierce\/","title":{"rendered":"Breaded Chicken Chunks"},"content":{"rendered":"","protected":false},"excerpt":{"rendered":"<p>Frozen, fully cooked chicken breast pieces with added water coated in crispy batter. Ready to eat after heating.<\/p>\n<p><strong>Package:<\/strong><br \/>\n\u2013 Bag: 350 g, 650 g<br \/>\n\u2013 Transparent bag: 1 kg, 2,5 kg<\/p>","protected":false},"featured_media":9301,"template":"","meta":{"inline_featured_image":false},"product_brand":[],"product_cat":[28],"product_tag":[],"class_list":{"0":"post-9300","1":"product","2":"type-product","3":"status-publish","4":"has-post-thumbnail","6":"product_cat-convenience-food","8":"first","9":"instock","10":"virtual","11":"product-type-simple"},"yoast_head":"<!-- This site is optimized with the Yoast SEO plugin v27.3 - https:\/\/yoast.com\/product\/yoast-seo-wordpress\/ -->\n<title>Kawa\u0142ki z kurczaka w panierce - KPS Food<\/title>\n<meta name=\"robots\" content=\"index, follow, max-snippet:-1, max-image-preview:large, max-video-preview:-1\" \/>\n<link rel=\"canonical\" href=\"https:\/\/kpsfood.pl\/en\/product\/kawalki-z-kurczaka-w-panierce\/\" \/>\n<meta property=\"og:locale\" content=\"en_US\" \/>\n<meta property=\"og:type\" content=\"article\" \/>\n<meta property=\"og:title\" content=\"Kawa\u0142ki z kurczaka w panierce - KPS Food\" \/>\n<meta property=\"og:description\" content=\"Kawa\u0142ki z piersi kurczaka z dodatkiem wody, sma\u017cone, pieczone, mro\u017cone. Gotowe do spo\u017cycia po podgrzaniu.  Opakowanie: \u2013 worek: 350 g, 650 g \u2013 worek transparentny: 1 kg, 2,5 kg\" \/>\n<meta property=\"og:url\" content=\"https:\/\/kpsfood.pl\/en\/product\/kawalki-z-kurczaka-w-panierce\/\" \/>\n<meta property=\"og:site_name\" content=\"KPS Food\" \/>\n<meta property=\"article:modified_time\" content=\"2022-06-28T13:37:19+00:00\" \/>\n<meta property=\"og:image\" content=\"https:\/\/kpsfood.pl\/wp-content\/uploads\/2022\/06\/BREADED-CHICKEN-CHUNKS.jpg\" \/>\n\t<meta property=\"og:image:width\" content=\"1920\" \/>\n\t<meta property=\"og:image:height\" content=\"1280\" \/>\n\t<meta property=\"og:image:type\" content=\"image\/jpeg\" \/>\n<meta name=\"twitter:card\" content=\"summary_large_image\" \/>\n<script type=\"application\/ld+json\" class=\"yoast-schema-graph\">{\"@context\":\"https:\\\/\\\/schema.org\",\"@graph\":[{\"@type\":\"WebPage\",\"@id\":\"https:\\\/\\\/kpsfood.pl\\\/produkt\\\/kawalki-z-kurczaka-w-panierce\\\/\",\"url\":\"https:\\\/\\\/kpsfood.pl\\\/produkt\\\/kawalki-z-kurczaka-w-panierce\\\/\",\"name\":\"Kawa\u0142ki z kurczaka w panierce - KPS Food\",\"isPartOf\":{\"@id\":\"https:\\\/\\\/kpsfood.pl\\\/#website\"},\"primaryImageOfPage\":{\"@id\":\"https:\\\/\\\/kpsfood.pl\\\/produkt\\\/kawalki-z-kurczaka-w-panierce\\\/#primaryimage\"},\"image\":{\"@id\":\"https:\\\/\\\/kpsfood.pl\\\/produkt\\\/kawalki-z-kurczaka-w-panierce\\\/#primaryimage\"},\"thumbnailUrl\":\"https:\\\/\\\/kpsfood.pl\\\/wp-content\\\/uploads\\\/2022\\\/06\\\/BREADED-CHICKEN-CHUNKS.jpg\",\"datePublished\":\"2022-06-28T12:44:59+00:00\",\"dateModified\":\"2022-06-28T13:37:19+00:00\",\"breadcrumb\":{\"@id\":\"https:\\\/\\\/kpsfood.pl\\\/produkt\\\/kawalki-z-kurczaka-w-panierce\\\/#breadcrumb\"},\"inLanguage\":\"en-US\",\"potentialAction\":[{\"@type\":\"ReadAction\",\"target\":[\"https:\\\/\\\/kpsfood.pl\\\/produkt\\\/kawalki-z-kurczaka-w-panierce\\\/\"]}]},{\"@type\":\"ImageObject\",\"inLanguage\":\"en-US\",\"@id\":\"https:\\\/\\\/kpsfood.pl\\\/produkt\\\/kawalki-z-kurczaka-w-panierce\\\/#primaryimage\",\"url\":\"https:\\\/\\\/kpsfood.pl\\\/wp-content\\\/uploads\\\/2022\\\/06\\\/BREADED-CHICKEN-CHUNKS.jpg\",\"contentUrl\":\"https:\\\/\\\/kpsfood.pl\\\/wp-content\\\/uploads\\\/2022\\\/06\\\/BREADED-CHICKEN-CHUNKS.jpg\",\"width\":1920,\"height\":1280},{\"@type\":\"BreadcrumbList\",\"@id\":\"https:\\\/\\\/kpsfood.pl\\\/produkt\\\/kawalki-z-kurczaka-w-panierce\\\/#breadcrumb\",\"itemListElement\":[{\"@type\":\"ListItem\",\"position\":1,\"name\":\"Strona g\u0142\u00f3wna\",\"item\":\"https:\\\/\\\/kpsfood.pl\\\/\"},{\"@type\":\"ListItem\",\"position\":2,\"name\":\"Oferta\",\"item\":\"https:\\\/\\\/kpsfood.pl\\\/oferta\\\/\"},{\"@type\":\"ListItem\",\"position\":3,\"name\":\"Kawa\u0142ki z kurczaka w panierce\"}]},{\"@type\":\"WebSite\",\"@id\":\"https:\\\/\\\/kpsfood.pl\\\/#website\",\"url\":\"https:\\\/\\\/kpsfood.pl\\\/\",\"name\":\"KPS Food\",\"description\":\"Zak\u0142ad drobiarski\",\"potentialAction\":[{\"@type\":\"SearchAction\",\"target\":{\"@type\":\"EntryPoint\",\"urlTemplate\":\"https:\\\/\\\/kpsfood.pl\\\/?s={search_term_string}\"},\"query-input\":{\"@type\":\"PropertyValueSpecification\",\"valueRequired\":true,\"valueName\":\"search_term_string\"}}],\"inLanguage\":\"en-US\"}]}<\/script>\n<!-- \/ Yoast SEO plugin. -->","yoast_head_json":{"title":"Kawa\u0142ki z kurczaka w panierce - KPS Food","robots":{"index":"index","follow":"follow","max-snippet":"max-snippet:-1","max-image-preview":"max-image-preview:large","max-video-preview":"max-video-preview:-1"},"canonical":"https:\/\/kpsfood.pl\/en\/product\/kawalki-z-kurczaka-w-panierce\/","og_locale":"en_US","og_type":"article","og_title":"Kawa\u0142ki z kurczaka w panierce - KPS Food","og_description":"Kawa\u0142ki z piersi kurczaka z dodatkiem wody, sma\u017cone, pieczone, mro\u017cone. Gotowe do spo\u017cycia po podgrzaniu.  Opakowanie: \u2013 worek: 350 g, 650 g \u2013 worek transparentny: 1 kg, 2,5 kg","og_url":"https:\/\/kpsfood.pl\/en\/product\/kawalki-z-kurczaka-w-panierce\/","og_site_name":"KPS Food","article_modified_time":"2022-06-28T13:37:19+00:00","og_image":[{"width":1920,"height":1280,"url":"https:\/\/kpsfood.pl\/wp-content\/uploads\/2022\/06\/BREADED-CHICKEN-CHUNKS.jpg","type":"image\/jpeg"}],"twitter_card":"summary_large_image","schema":{"@context":"https:\/\/schema.org","@graph":[{"@type":"WebPage","@id":"https:\/\/kpsfood.pl\/produkt\/kawalki-z-kurczaka-w-panierce\/","url":"https:\/\/kpsfood.pl\/produkt\/kawalki-z-kurczaka-w-panierce\/","name":"Kawa\u0142ki z kurczaka w panierce - KPS Food","isPartOf":{"@id":"https:\/\/kpsfood.pl\/#website"},"primaryImageOfPage":{"@id":"https:\/\/kpsfood.pl\/produkt\/kawalki-z-kurczaka-w-panierce\/#primaryimage"},"image":{"@id":"https:\/\/kpsfood.pl\/produkt\/kawalki-z-kurczaka-w-panierce\/#primaryimage"},"thumbnailUrl":"https:\/\/kpsfood.pl\/wp-content\/uploads\/2022\/06\/BREADED-CHICKEN-CHUNKS.jpg","datePublished":"2022-06-28T12:44:59+00:00","dateModified":"2022-06-28T13:37:19+00:00","breadcrumb":{"@id":"https:\/\/kpsfood.pl\/produkt\/kawalki-z-kurczaka-w-panierce\/#breadcrumb"},"inLanguage":"en-US","potentialAction":[{"@type":"ReadAction","target":["https:\/\/kpsfood.pl\/produkt\/kawalki-z-kurczaka-w-panierce\/"]}]},{"@type":"ImageObject","inLanguage":"en-US","@id":"https:\/\/kpsfood.pl\/produkt\/kawalki-z-kurczaka-w-panierce\/#primaryimage","url":"https:\/\/kpsfood.pl\/wp-content\/uploads\/2022\/06\/BREADED-CHICKEN-CHUNKS.jpg","contentUrl":"https:\/\/kpsfood.pl\/wp-content\/uploads\/2022\/06\/BREADED-CHICKEN-CHUNKS.jpg","width":1920,"height":1280},{"@type":"BreadcrumbList","@id":"https:\/\/kpsfood.pl\/produkt\/kawalki-z-kurczaka-w-panierce\/#breadcrumb","itemListElement":[{"@type":"ListItem","position":1,"name":"Strona g\u0142\u00f3wna","item":"https:\/\/kpsfood.pl\/"},{"@type":"ListItem","position":2,"name":"Oferta","item":"https:\/\/kpsfood.pl\/oferta\/"},{"@type":"ListItem","position":3,"name":"Kawa\u0142ki z kurczaka w panierce"}]},{"@type":"WebSite","@id":"https:\/\/kpsfood.pl\/#website","url":"https:\/\/kpsfood.pl\/","name":"KPS Food","description":"Zak\u0142ad drobiarski","potentialAction":[{"@type":"SearchAction","target":{"@type":"EntryPoint","urlTemplate":"https:\/\/kpsfood.pl\/?s={search_term_string}"},"query-input":{"@type":"PropertyValueSpecification","valueRequired":true,"valueName":"search_term_string"}}],"inLanguage":"en-US"}]}},"_links":{"self":[{"href":"https:\/\/kpsfood.pl\/en\/wp-json\/wp\/v2\/product\/9300","targetHints":{"allow":["GET"]}}],"collection":[{"href":"https:\/\/kpsfood.pl\/en\/wp-json\/wp\/v2\/product"}],"about":[{"href":"https:\/\/kpsfood.pl\/en\/wp-json\/wp\/v2\/types\/product"}],"wp:featuredmedia":[{"embeddable":true,"href":"https:\/\/kpsfood.pl\/en\/wp-json\/wp\/v2\/media\/9301"}],"wp:attachment":[{"href":"https:\/\/kpsfood.pl\/en\/wp-json\/wp\/v2\/media?parent=9300"}],"wp:term":[{"taxonomy":"product_brand","embeddable":true,"href":"https:\/\/kpsfood.pl\/en\/wp-json\/wp\/v2\/product_brand?post=9300"},{"taxonomy":"product_cat","embeddable":true,"href":"https:\/\/kpsfood.pl\/en\/wp-json\/wp\/v2\/product_cat?post=9300"},{"taxonomy":"product_tag","embeddable":true,"href":"https:\/\/kpsfood.pl\/en\/wp-json\/wp\/v2\/product_tag?post=9300"}],"curies":[{"name":"wp","href":"https:\/\/api.w.org\/{rel}","templated":true}]}}