{"id":226,"date":"2019-09-24T09:48:57","date_gmt":"2019-09-24T07:48:57","guid":{"rendered":"https:\/\/kpsfood.pl\/?post_type=product&#038;p=226"},"modified":"2022-06-28T14:03:26","modified_gmt":"2022-06-28T12:03:26","slug":"mieso-kopia","status":"publish","type":"product","link":"https:\/\/kpsfood.pl\/en\/product\/mieso-kopia\/","title":{"rendered":"Chicken wing"},"content":{"rendered":"","protected":false},"excerpt":{"rendered":"<p class=\"p1\"><span class=\"s1\">Chicken wings, 3 joint or cut into prime, mid and tip.<br \/>\nCalibration of individual elements and various layouts within packaging optional.<\/span><\/p>\n<p><strong>Packaging chilled:<\/strong> plastic containers, MAP trays or bags, VAC packs, palboxes\/dolaves.<span class=\"Apple-converted-space\">\u00a0 <\/span><br \/>\nChilled or frozen. <span class=\"Apple-converted-space\">\u00a0<\/span><\/p>","protected":false},"featured_media":131,"template":"","meta":{"inline_featured_image":false},"product_brand":[],"product_cat":[29],"product_tag":[],"class_list":{"0":"post-226","1":"product","2":"type-product","3":"status-publish","4":"has-post-thumbnail","6":"product_cat-drob","7":"pif-has-gallery","9":"first","10":"instock","11":"virtual","12":"product-type-simple"},"yoast_head":"<!-- This site is optimized with the Yoast SEO plugin v27.5 - https:\/\/yoast.com\/product\/yoast-seo-wordpress\/ -->\n<title>Skrzyd\u0142o z kurczaka - KPS Food<\/title>\n<meta name=\"robots\" content=\"index, follow, max-snippet:-1, max-image-preview:large, max-video-preview:-1\" \/>\n<link rel=\"canonical\" href=\"https:\/\/kpsfood.pl\/en\/product\/mieso-kopia\/\" \/>\n<meta property=\"og:locale\" content=\"en_US\" \/>\n<meta property=\"og:type\" content=\"article\" \/>\n<meta property=\"og:title\" content=\"Skrzyd\u0142o z kurczaka - KPS Food\" \/>\n<meta property=\"og:description\" content=\"Skrzyd\u0142o z kurczaka 3 cz\u0142onowe lub dzielone (rami\u0119 i przedrami\u0119 osobno lub miks, V-ka, lotka). Elementy mog\u0105 by\u0107 kalibrowane, uk\u0142adane. Formy pakowania: pojemniki plastikowe, kartony, MAP, VAC; du\u017ce formy opakowa\u0144: palboxy\u00a0  Ch\u0142odzone i mro\u017cone. \u00a0\" \/>\n<meta property=\"og:url\" content=\"https:\/\/kpsfood.pl\/en\/product\/mieso-kopia\/\" \/>\n<meta property=\"og:site_name\" content=\"KPS Food\" \/>\n<meta property=\"article:modified_time\" content=\"2022-06-28T12:03:26+00:00\" \/>\n<meta property=\"og:image\" content=\"https:\/\/kpsfood.pl\/wp-content\/uploads\/2019\/09\/oferta-3.jpg\" \/>\n\t<meta property=\"og:image:width\" content=\"379\" \/>\n\t<meta property=\"og:image:height\" content=\"253\" \/>\n\t<meta property=\"og:image:type\" content=\"image\/jpeg\" \/>\n<meta name=\"twitter:card\" content=\"summary_large_image\" \/>\n<script type=\"application\/ld+json\" class=\"yoast-schema-graph\">{\"@context\":\"https:\\\/\\\/schema.org\",\"@graph\":[{\"@type\":\"WebPage\",\"@id\":\"https:\\\/\\\/kpsfood.pl\\\/produkt\\\/mieso-kopia\\\/\",\"url\":\"https:\\\/\\\/kpsfood.pl\\\/produkt\\\/mieso-kopia\\\/\",\"name\":\"Skrzyd\u0142o z kurczaka - KPS Food\",\"isPartOf\":{\"@id\":\"https:\\\/\\\/kpsfood.pl\\\/#website\"},\"primaryImageOfPage\":{\"@id\":\"https:\\\/\\\/kpsfood.pl\\\/produkt\\\/mieso-kopia\\\/#primaryimage\"},\"image\":{\"@id\":\"https:\\\/\\\/kpsfood.pl\\\/produkt\\\/mieso-kopia\\\/#primaryimage\"},\"thumbnailUrl\":\"https:\\\/\\\/kpsfood.pl\\\/wp-content\\\/uploads\\\/2019\\\/09\\\/oferta-3.jpg\",\"datePublished\":\"2019-09-24T07:48:57+00:00\",\"dateModified\":\"2022-06-28T12:03:26+00:00\",\"breadcrumb\":{\"@id\":\"https:\\\/\\\/kpsfood.pl\\\/produkt\\\/mieso-kopia\\\/#breadcrumb\"},\"inLanguage\":\"en-US\",\"potentialAction\":[{\"@type\":\"ReadAction\",\"target\":[\"https:\\\/\\\/kpsfood.pl\\\/produkt\\\/mieso-kopia\\\/\"]}]},{\"@type\":\"ImageObject\",\"inLanguage\":\"en-US\",\"@id\":\"https:\\\/\\\/kpsfood.pl\\\/produkt\\\/mieso-kopia\\\/#primaryimage\",\"url\":\"https:\\\/\\\/kpsfood.pl\\\/wp-content\\\/uploads\\\/2019\\\/09\\\/oferta-3.jpg\",\"contentUrl\":\"https:\\\/\\\/kpsfood.pl\\\/wp-content\\\/uploads\\\/2019\\\/09\\\/oferta-3.jpg\",\"width\":379,\"height\":253},{\"@type\":\"BreadcrumbList\",\"@id\":\"https:\\\/\\\/kpsfood.pl\\\/produkt\\\/mieso-kopia\\\/#breadcrumb\",\"itemListElement\":[{\"@type\":\"ListItem\",\"position\":1,\"name\":\"Strona g\u0142\u00f3wna\",\"item\":\"https:\\\/\\\/kpsfood.pl\\\/\"},{\"@type\":\"ListItem\",\"position\":2,\"name\":\"Oferta\",\"item\":\"https:\\\/\\\/kpsfood.pl\\\/oferta\\\/\"},{\"@type\":\"ListItem\",\"position\":3,\"name\":\"Skrzyd\u0142o z kurczaka\"}]},{\"@type\":\"WebSite\",\"@id\":\"https:\\\/\\\/kpsfood.pl\\\/#website\",\"url\":\"https:\\\/\\\/kpsfood.pl\\\/\",\"name\":\"KPS Food\",\"description\":\"Zak\u0142ad drobiarski\",\"potentialAction\":[{\"@type\":\"SearchAction\",\"target\":{\"@type\":\"EntryPoint\",\"urlTemplate\":\"https:\\\/\\\/kpsfood.pl\\\/?s={search_term_string}\"},\"query-input\":{\"@type\":\"PropertyValueSpecification\",\"valueRequired\":true,\"valueName\":\"search_term_string\"}}],\"inLanguage\":\"en-US\"}]}<\/script>\n<!-- \/ Yoast SEO plugin. -->","yoast_head_json":{"title":"Skrzyd\u0142o z kurczaka - KPS Food","robots":{"index":"index","follow":"follow","max-snippet":"max-snippet:-1","max-image-preview":"max-image-preview:large","max-video-preview":"max-video-preview:-1"},"canonical":"https:\/\/kpsfood.pl\/en\/product\/mieso-kopia\/","og_locale":"en_US","og_type":"article","og_title":"Skrzyd\u0142o z kurczaka - KPS Food","og_description":"Skrzyd\u0142o z kurczaka 3 cz\u0142onowe lub dzielone (rami\u0119 i przedrami\u0119 osobno lub miks, V-ka, lotka). Elementy mog\u0105 by\u0107 kalibrowane, uk\u0142adane. Formy pakowania: pojemniki plastikowe, kartony, MAP, VAC; du\u017ce formy opakowa\u0144: palboxy\u00a0  Ch\u0142odzone i mro\u017cone. \u00a0","og_url":"https:\/\/kpsfood.pl\/en\/product\/mieso-kopia\/","og_site_name":"KPS Food","article_modified_time":"2022-06-28T12:03:26+00:00","og_image":[{"width":379,"height":253,"url":"https:\/\/kpsfood.pl\/wp-content\/uploads\/2019\/09\/oferta-3.jpg","type":"image\/jpeg"}],"twitter_card":"summary_large_image","schema":{"@context":"https:\/\/schema.org","@graph":[{"@type":"WebPage","@id":"https:\/\/kpsfood.pl\/produkt\/mieso-kopia\/","url":"https:\/\/kpsfood.pl\/produkt\/mieso-kopia\/","name":"Skrzyd\u0142o z kurczaka - KPS Food","isPartOf":{"@id":"https:\/\/kpsfood.pl\/#website"},"primaryImageOfPage":{"@id":"https:\/\/kpsfood.pl\/produkt\/mieso-kopia\/#primaryimage"},"image":{"@id":"https:\/\/kpsfood.pl\/produkt\/mieso-kopia\/#primaryimage"},"thumbnailUrl":"https:\/\/kpsfood.pl\/wp-content\/uploads\/2019\/09\/oferta-3.jpg","datePublished":"2019-09-24T07:48:57+00:00","dateModified":"2022-06-28T12:03:26+00:00","breadcrumb":{"@id":"https:\/\/kpsfood.pl\/produkt\/mieso-kopia\/#breadcrumb"},"inLanguage":"en-US","potentialAction":[{"@type":"ReadAction","target":["https:\/\/kpsfood.pl\/produkt\/mieso-kopia\/"]}]},{"@type":"ImageObject","inLanguage":"en-US","@id":"https:\/\/kpsfood.pl\/produkt\/mieso-kopia\/#primaryimage","url":"https:\/\/kpsfood.pl\/wp-content\/uploads\/2019\/09\/oferta-3.jpg","contentUrl":"https:\/\/kpsfood.pl\/wp-content\/uploads\/2019\/09\/oferta-3.jpg","width":379,"height":253},{"@type":"BreadcrumbList","@id":"https:\/\/kpsfood.pl\/produkt\/mieso-kopia\/#breadcrumb","itemListElement":[{"@type":"ListItem","position":1,"name":"Strona g\u0142\u00f3wna","item":"https:\/\/kpsfood.pl\/"},{"@type":"ListItem","position":2,"name":"Oferta","item":"https:\/\/kpsfood.pl\/oferta\/"},{"@type":"ListItem","position":3,"name":"Skrzyd\u0142o z kurczaka"}]},{"@type":"WebSite","@id":"https:\/\/kpsfood.pl\/#website","url":"https:\/\/kpsfood.pl\/","name":"KPS Food","description":"Zak\u0142ad drobiarski","potentialAction":[{"@type":"SearchAction","target":{"@type":"EntryPoint","urlTemplate":"https:\/\/kpsfood.pl\/?s={search_term_string}"},"query-input":{"@type":"PropertyValueSpecification","valueRequired":true,"valueName":"search_term_string"}}],"inLanguage":"en-US"}]}},"_links":{"self":[{"href":"https:\/\/kpsfood.pl\/en\/wp-json\/wp\/v2\/product\/226","targetHints":{"allow":["GET"]}}],"collection":[{"href":"https:\/\/kpsfood.pl\/en\/wp-json\/wp\/v2\/product"}],"about":[{"href":"https:\/\/kpsfood.pl\/en\/wp-json\/wp\/v2\/types\/product"}],"wp:featuredmedia":[{"embeddable":true,"href":"https:\/\/kpsfood.pl\/en\/wp-json\/wp\/v2\/media\/131"}],"wp:attachment":[{"href":"https:\/\/kpsfood.pl\/en\/wp-json\/wp\/v2\/media?parent=226"}],"wp:term":[{"taxonomy":"product_brand","embeddable":true,"href":"https:\/\/kpsfood.pl\/en\/wp-json\/wp\/v2\/product_brand?post=226"},{"taxonomy":"product_cat","embeddable":true,"href":"https:\/\/kpsfood.pl\/en\/wp-json\/wp\/v2\/product_cat?post=226"},{"taxonomy":"product_tag","embeddable":true,"href":"https:\/\/kpsfood.pl\/en\/wp-json\/wp\/v2\/product_tag?post=226"}],"curies":[{"name":"wp","href":"https:\/\/api.w.org\/{rel}","templated":true}]}}