{"id":11,"date":"2019-09-17T13:35:00","date_gmt":"2019-09-17T11:35:00","guid":{"rendered":"https:\/\/kpsfood.pl\/?page_id=11"},"modified":"2025-10-28T12:31:06","modified_gmt":"2025-10-28T11:31:06","slug":"strona-glowna","status":"publish","type":"page","link":"https:\/\/kpsfood.pl\/en\/","title":{"rendered":"Strona g\u0142\u00f3wna"},"content":{"rendered":"<div data-elementor-type=\"wp-page\" data-elementor-id=\"11\" class=\"elementor elementor-11\" data-elementor-post-type=\"page\">\n\t\t\t\t\t\t<section class=\"elementor-section elementor-top-section elementor-element elementor-element-0cc1b34 elementor-hidden-phone elementor-section-full_width elementor-section-height-default elementor-section-height-default\" data-id=\"0cc1b34\" data-element_type=\"section\" data-e-type=\"section\" data-settings=\"{&quot;background_background&quot;:&quot;classic&quot;}\">\n\t\t\t\t\t\t\t<div class=\"elementor-background-overlay\"><\/div>\n\t\t\t\t\t\t\t<div class=\"elementor-container elementor-column-gap-default\">\n\t\t\t\t\t<div class=\"elementor-column elementor-col-100 elementor-top-column elementor-element elementor-element-b982d9b\" data-id=\"b982d9b\" data-element_type=\"column\" data-e-type=\"column\">\n\t\t\t<div class=\"elementor-widget-wrap elementor-element-populated\">\n\t\t\t\t\t\t<section class=\"elementor-section elementor-inner-section elementor-element elementor-element-4e40f57 elementor-section-full_width elementor-hidden-phone elementor-section-height-default elementor-section-height-default\" data-id=\"4e40f57\" data-element_type=\"section\" data-e-type=\"section\">\n\t\t\t\t\t\t<div class=\"elementor-container elementor-column-gap-narrow\">\n\t\t\t\t\t<div class=\"elementor-column elementor-col-50 elementor-inner-column elementor-element elementor-element-7b3ffda\" data-id=\"7b3ffda\" data-element_type=\"column\" data-e-type=\"column\">\n\t\t\t<div class=\"elementor-widget-wrap elementor-element-populated\">\n\t\t\t\t\t\t<div class=\"elementor-element elementor-element-82955f6 elementor--h-position-center elementor--v-position-middle elementor-widget elementor-widget-slides\" data-id=\"82955f6\" data-element_type=\"widget\" data-e-type=\"widget\" data-settings=\"{&quot;navigation&quot;:&quot;none&quot;,&quot;transition&quot;:&quot;slide&quot;,&quot;transition_speed&quot;:500}\" data-widget_type=\"slides.default\">\n\t\t\t\t<div class=\"elementor-widget-container\">\n\t\t\t\t\t\t\t\t\t<div class=\"elementor-swiper\">\n\t\t\t\t\t<div class=\"elementor-slides-wrapper elementor-main-swiper swiper\" role=\"region\" aria-roledescription=\"carousel\" aria-label=\"Slajdy\" dir=\"ltr\" data-animation=\"fadeInUp\">\n\t\t\t\t<div class=\"swiper-wrapper elementor-slides\">\n\t\t\t\t\t\t\t\t\t\t<div class=\"elementor-repeater-item-d51c8a1 swiper-slide\" role=\"group\" aria-roledescription=\"slide\"><div class=\"swiper-slide-bg\" role=\"img\" aria-label=\"tlo D\"><\/div><a class=\"swiper-slide-inner\" href=\"https:\/\/kpsfood.pl\/en\/zaklad-drobiarski\/\"><div class=\"swiper-slide-contents\"><div class=\"elementor-slide-heading\">SLAUGHTERHOUSE<\/div><\/div><\/a><\/div>\t\t\t\t<\/div>\n\t\t\t\t\t\t\t<\/div>\n\t\t\t\t<\/div>\n\t\t\t\t\t\t\t\t<\/div>\n\t\t\t\t<\/div>\n\t\t\t\t\t<\/div>\n\t\t<\/div>\n\t\t\t\t<div class=\"elementor-column elementor-col-50 elementor-inner-column elementor-element elementor-element-b88d088\" data-id=\"b88d088\" data-element_type=\"column\" data-e-type=\"column\">\n\t\t\t<div class=\"elementor-widget-wrap elementor-element-populated\">\n\t\t\t\t\t\t<div class=\"elementor-element elementor-element-f4e1c39 elementor--h-position-center elementor--v-position-middle elementor-widget elementor-widget-slides\" data-id=\"f4e1c39\" data-element_type=\"widget\" data-e-type=\"widget\" data-settings=\"{&quot;navigation&quot;:&quot;none&quot;,&quot;transition&quot;:&quot;slide&quot;,&quot;transition_speed&quot;:500}\" data-widget_type=\"slides.default\">\n\t\t\t\t<div class=\"elementor-widget-container\">\n\t\t\t\t\t\t\t\t\t<div class=\"elementor-swiper\">\n\t\t\t\t\t<div class=\"elementor-slides-wrapper elementor-main-swiper swiper\" role=\"region\" aria-roledescription=\"carousel\" aria-label=\"Slajdy\" dir=\"ltr\" data-animation=\"fadeInUp\">\n\t\t\t\t<div class=\"swiper-wrapper elementor-slides\">\n\t\t\t\t\t\t\t\t\t\t<div class=\"elementor-repeater-item-d51c8a1 swiper-slide\" role=\"group\" aria-roledescription=\"slide\"><div class=\"swiper-slide-bg\" role=\"img\" aria-label=\"tlo CF\"><\/div><a class=\"swiper-slide-inner\" href=\"https:\/\/kpsfood.pl\/en\/zaklad-przetworczy\/\"><div class=\"swiper-slide-contents\"><div class=\"elementor-slide-heading\">FOOD PROCESSING PLANT<\/div><\/div><\/a><\/div>\t\t\t\t<\/div>\n\t\t\t\t\t\t\t<\/div>\n\t\t\t\t<\/div>\n\t\t\t\t\t\t\t\t<\/div>\n\t\t\t\t<\/div>\n\t\t\t\t\t<\/div>\n\t\t<\/div>\n\t\t\t\t\t<\/div>\n\t\t<\/section>\n\t\t\t\t\t<\/div>\n\t\t<\/div>\n\t\t\t\t\t<\/div>\n\t\t<\/section>\n\t\t\t\t<section class=\"elementor-section elementor-top-section elementor-element elementor-element-c5d896e elementor-hidden-desktop elementor-hidden-tablet elementor-section-boxed elementor-section-height-default elementor-section-height-default\" data-id=\"c5d896e\" data-element_type=\"section\" data-e-type=\"section\">\n\t\t\t\t\t\t<div class=\"elementor-container elementor-column-gap-default\">\n\t\t\t\t\t<div class=\"elementor-column elementor-col-100 elementor-top-column elementor-element elementor-element-04709be\" data-id=\"04709be\" data-element_type=\"column\" data-e-type=\"column\">\n\t\t\t<div class=\"elementor-widget-wrap elementor-element-populated\">\n\t\t\t\t\t\t<div class=\"elementor-element elementor-element-ee2bb53 elementor--h-position-center elementor--v-position-middle elementor-arrows-position-inside elementor-pagination-position-inside elementor-widget elementor-widget-slides\" data-id=\"ee2bb53\" data-element_type=\"widget\" data-e-type=\"widget\" data-settings=\"{&quot;navigation&quot;:&quot;both&quot;,&quot;transition&quot;:&quot;slide&quot;,&quot;transition_speed&quot;:500}\" data-widget_type=\"slides.default\">\n\t\t\t\t<div class=\"elementor-widget-container\">\n\t\t\t\t\t\t\t\t\t<div class=\"elementor-swiper\">\n\t\t\t\t\t<div class=\"elementor-slides-wrapper elementor-main-swiper swiper\" role=\"region\" aria-roledescription=\"carousel\" aria-label=\"Slajdy\" dir=\"ltr\" data-animation=\"fadeInUp\">\n\t\t\t\t<div class=\"swiper-wrapper elementor-slides\">\n\t\t\t\t\t\t\t\t\t\t<div class=\"elementor-repeater-item-36fedef swiper-slide\" role=\"group\" aria-roledescription=\"slide\"><div class=\"swiper-slide-bg\" role=\"img\" aria-label=\"tlo D\"><\/div><a class=\"swiper-slide-inner\" href=\"https:\/\/kpsfood.pl\/en\/zaklad-drobiarski\/\"><div class=\"swiper-slide-contents\"><div class=\"elementor-slide-heading\">SLAUGHTERHOUSE<\/div><\/div><\/a><\/div>\t\t\t\t<\/div>\n\t\t\t\t\t\t\t<\/div>\n\t\t\t\t<\/div>\n\t\t\t\t\t\t\t\t<\/div>\n\t\t\t\t<\/div>\n\t\t\t\t<div class=\"elementor-element elementor-element-de8f1c9 elementor--h-position-center elementor--v-position-middle elementor-arrows-position-inside elementor-pagination-position-inside elementor-widget elementor-widget-slides\" data-id=\"de8f1c9\" data-element_type=\"widget\" data-e-type=\"widget\" data-settings=\"{&quot;navigation&quot;:&quot;both&quot;,&quot;transition&quot;:&quot;slide&quot;,&quot;transition_speed&quot;:500}\" data-widget_type=\"slides.default\">\n\t\t\t\t<div class=\"elementor-widget-container\">\n\t\t\t\t\t\t\t\t\t<div class=\"elementor-swiper\">\n\t\t\t\t\t<div class=\"elementor-slides-wrapper elementor-main-swiper swiper\" role=\"region\" aria-roledescription=\"carousel\" aria-label=\"Slajdy\" dir=\"ltr\" data-animation=\"fadeInUp\">\n\t\t\t\t<div class=\"swiper-wrapper elementor-slides\">\n\t\t\t\t\t\t\t\t\t\t<div class=\"elementor-repeater-item-36fedef swiper-slide\" role=\"group\" aria-roledescription=\"slide\"><div class=\"swiper-slide-bg\" role=\"img\" aria-label=\"tlo CF\"><\/div><a class=\"swiper-slide-inner\" href=\"https:\/\/kpsfood.pl\/en\/zaklad-przetworczy\/\"><div class=\"swiper-slide-contents\"><div class=\"elementor-slide-heading\">FOOD PROCESSING PLANT<\/div><\/div><\/a><\/div>\t\t\t\t<\/div>\n\t\t\t\t\t\t\t<\/div>\n\t\t\t\t<\/div>\n\t\t\t\t\t\t\t\t<\/div>\n\t\t\t\t<\/div>\n\t\t\t\t\t<\/div>\n\t\t<\/div>\n\t\t\t\t\t<\/div>\n\t\t<\/section>\n\t\t\t\t<section class=\"elementor-section elementor-top-section elementor-element elementor-element-9a37d55 elementor-section-height-min-height elementor-section-items-bottom elementor-section-boxed elementor-section-height-default\" data-id=\"9a37d55\" data-element_type=\"section\" data-e-type=\"section\">\n\t\t\t\t\t\t<div class=\"elementor-container elementor-column-gap-default\">\n\t\t\t\t\t<div class=\"elementor-column elementor-col-100 elementor-top-column elementor-element elementor-element-614ee28\" data-id=\"614ee28\" data-element_type=\"column\" data-e-type=\"column\">\n\t\t\t<div class=\"elementor-widget-wrap elementor-element-populated\">\n\t\t\t\t\t\t<div class=\"elementor-element elementor-element-7e39cb0 elementor-widget elementor-widget-video\" data-id=\"7e39cb0\" data-element_type=\"widget\" data-e-type=\"widget\" data-settings=\"{&quot;youtube_url&quot;:&quot;https:\\\/\\\/youtu.be\\\/YGZuy_GN_LU&quot;,&quot;loop&quot;:&quot;yes&quot;,&quot;show_image_overlay&quot;:&quot;yes&quot;,&quot;image_overlay&quot;:{&quot;url&quot;:&quot;https:\\\/\\\/kpsfood.pl\\\/wp-content\\\/uploads\\\/2023\\\/02\\\/tlo.jpg&quot;,&quot;id&quot;:16128,&quot;size&quot;:&quot;&quot;},&quot;video_type&quot;:&quot;youtube&quot;,&quot;controls&quot;:&quot;yes&quot;}\" data-widget_type=\"video.default\">\n\t\t\t\t<div class=\"elementor-widget-container\">\n\t\t\t\t\t\t\t<div class=\"elementor-wrapper elementor-open-inline\">\n\t\t\t<div class=\"elementor-video\"><\/div>\t\t\t\t<div class=\"elementor-custom-embed-image-overlay\" style=\"background-image: url(https:\/\/kpsfood.pl\/wp-content\/uploads\/2023\/02\/tlo.jpg);\">\n\t\t\t\t\t\t\t\t\t\t\t\t\t\t\t\t<div class=\"elementor-custom-embed-play\" role=\"button\" aria-label=\"Odtw\u00f3rz wideo\" tabindex=\"0\">\n\t\t\t\t\t\t\t<i aria-hidden=\"true\" class=\"eicon-play\"><\/i>\t\t\t\t\t\t<\/div>\n\t\t\t\t\t\t\t\t\t<\/div>\n\t\t\t\t\t<\/div>\n\t\t\t\t\t\t<\/div>\n\t\t\t\t<\/div>\n\t\t\t\t\t<\/div>\n\t\t<\/div>\n\t\t\t\t\t<\/div>\n\t\t<\/section>\n\t\t\t\t<section class=\"elementor-section elementor-top-section elementor-element elementor-element-fe76d20 elementor-section-boxed elementor-section-height-default elementor-section-height-default\" data-id=\"fe76d20\" data-element_type=\"section\" data-e-type=\"section\">\n\t\t\t\t\t\t<div class=\"elementor-container elementor-column-gap-default\">\n\t\t\t\t\t<div class=\"elementor-column elementor-col-100 elementor-top-column elementor-element elementor-element-73d90ac\" data-id=\"73d90ac\" data-element_type=\"column\" data-e-type=\"column\">\n\t\t\t<div class=\"elementor-widget-wrap elementor-element-populated\">\n\t\t\t\t\t\t<div class=\"elementor-element elementor-element-599cbb3 elementor-widget elementor-widget-spacer\" data-id=\"599cbb3\" data-element_type=\"widget\" data-e-type=\"widget\" data-widget_type=\"spacer.default\">\n\t\t\t\t<div class=\"elementor-widget-container\">\n\t\t\t\t\t\t\t<div class=\"elementor-spacer\">\n\t\t\t<div class=\"elementor-spacer-inner\"><\/div>\n\t\t<\/div>\n\t\t\t\t\t\t<\/div>\n\t\t\t\t<\/div>\n\t\t\t\t<div class=\"elementor-element elementor-element-8022e21 elementor-widget-divider--view-line elementor-widget elementor-widget-divider\" data-id=\"8022e21\" data-element_type=\"widget\" data-e-type=\"widget\" data-widget_type=\"divider.default\">\n\t\t\t\t<div class=\"elementor-widget-container\">\n\t\t\t\t\t\t\t<div class=\"elementor-divider\">\n\t\t\t<span class=\"elementor-divider-separator\">\n\t\t\t\t\t\t<\/span>\n\t\t<\/div>\n\t\t\t\t\t\t<\/div>\n\t\t\t\t<\/div>\n\t\t\t\t\t<\/div>\n\t\t<\/div>\n\t\t\t\t\t<\/div>\n\t\t<\/section>\n\t\t\t\t<section class=\"elementor-section elementor-top-section elementor-element elementor-element-3ff3279 elementor-section-boxed elementor-section-height-default elementor-section-height-default\" data-id=\"3ff3279\" data-element_type=\"section\" data-e-type=\"section\">\n\t\t\t\t\t\t<div class=\"elementor-container elementor-column-gap-default\">\n\t\t\t\t\t<div class=\"elementor-column elementor-col-100 elementor-top-column elementor-element elementor-element-34506d1\" data-id=\"34506d1\" data-element_type=\"column\" data-e-type=\"column\">\n\t\t\t<div class=\"elementor-widget-wrap elementor-element-populated\">\n\t\t\t\t\t\t<div class=\"elementor-element elementor-element-bb5bfb7 elementor-widget elementor-widget-heading\" data-id=\"bb5bfb7\" data-element_type=\"widget\" data-e-type=\"widget\" data-widget_type=\"heading.default\">\n\t\t\t\t<div class=\"elementor-widget-container\">\n\t\t\t\t\t<h2 class=\"elementor-heading-title elementor-size-default\"><a href=\"https:\/\/kpsfood.pl\/en\/projekty-ue\/\">PROJEKTY UE<\/a><\/h2>\t\t\t\t<\/div>\n\t\t\t\t<\/div>\n\t\t\t\t<div class=\"elementor-element elementor-element-2c6aa3f elementor-widget elementor-widget-image\" data-id=\"2c6aa3f\" data-element_type=\"widget\" data-e-type=\"widget\" data-widget_type=\"image.default\">\n\t\t\t\t<div class=\"elementor-widget-container\">\n\t\t\t\t\t\t\t\t\t\t\t\t\t\t\t\t<a href=\"https:\/\/kpsfood.pl\/en\/projekty-ue\/\">\n\t\t\t\t\t\t\t<img fetchpriority=\"high\" decoding=\"async\" width=\"1024\" height=\"131\" src=\"https:\/\/kpsfood.pl\/wp-content\/uploads\/2025\/06\/baner-dotacje-1024x131.jpeg\" class=\"attachment-large size-large wp-image-56464\" alt=\"\" srcset=\"https:\/\/kpsfood.pl\/wp-content\/uploads\/2025\/06\/baner-dotacje-1024x131.jpeg 1024w, https:\/\/kpsfood.pl\/wp-content\/uploads\/2025\/06\/baner-dotacje-300x38.jpeg 300w, https:\/\/kpsfood.pl\/wp-content\/uploads\/2025\/06\/baner-dotacje-768x98.jpeg 768w, https:\/\/kpsfood.pl\/wp-content\/uploads\/2025\/06\/baner-dotacje-1536x197.jpeg 1536w, https:\/\/kpsfood.pl\/wp-content\/uploads\/2025\/06\/baner-dotacje-2048x262.jpeg 2048w, https:\/\/kpsfood.pl\/wp-content\/uploads\/2025\/06\/baner-dotacje-18x2.jpeg 18w, https:\/\/kpsfood.pl\/wp-content\/uploads\/2025\/06\/baner-dotacje-600x77.jpeg 600w\" sizes=\"(max-width: 1024px) 100vw, 1024px\" \/>\t\t\t\t\t\t\t\t<\/a>\n\t\t\t\t\t\t\t\t\t\t\t\t\t\t\t<\/div>\n\t\t\t\t<\/div>\n\t\t\t\t<div class=\"elementor-element elementor-element-013ccee elementor-widget elementor-widget-image\" data-id=\"013ccee\" data-element_type=\"widget\" data-e-type=\"widget\" data-widget_type=\"image.default\">\n\t\t\t\t<div class=\"elementor-widget-container\">\n\t\t\t\t\t\t\t\t\t\t\t\t\t\t\t\t<a href=\"https:\/\/kpsfood.pl\/en\/projekty-ue\/\">\n\t\t\t\t\t\t\t<img decoding=\"async\" width=\"1024\" height=\"138\" src=\"https:\/\/kpsfood.pl\/wp-content\/uploads\/2025\/07\/FENG_RP_UE_RGB-1-1024x138.jpg\" class=\"attachment-large size-large wp-image-57656\" alt=\"\" srcset=\"https:\/\/kpsfood.pl\/wp-content\/uploads\/2025\/07\/FENG_RP_UE_RGB-1-1024x138.jpg 1024w, https:\/\/kpsfood.pl\/wp-content\/uploads\/2025\/07\/FENG_RP_UE_RGB-1-300x40.jpg 300w, https:\/\/kpsfood.pl\/wp-content\/uploads\/2025\/07\/FENG_RP_UE_RGB-1-768x103.jpg 768w, https:\/\/kpsfood.pl\/wp-content\/uploads\/2025\/07\/FENG_RP_UE_RGB-1-1536x207.jpg 1536w, https:\/\/kpsfood.pl\/wp-content\/uploads\/2025\/07\/FENG_RP_UE_RGB-1-2048x275.jpg 2048w, https:\/\/kpsfood.pl\/wp-content\/uploads\/2025\/07\/FENG_RP_UE_RGB-1-18x2.jpg 18w, https:\/\/kpsfood.pl\/wp-content\/uploads\/2025\/07\/FENG_RP_UE_RGB-1-600x81.jpg 600w\" sizes=\"(max-width: 1024px) 100vw, 1024px\" \/>\t\t\t\t\t\t\t\t<\/a>\n\t\t\t\t\t\t\t\t\t\t\t\t\t\t\t<\/div>\n\t\t\t\t<\/div>\n\t\t\t\t<div class=\"elementor-element elementor-element-8756fe8 elementor-widget elementor-widget-spacer\" data-id=\"8756fe8\" data-element_type=\"widget\" data-e-type=\"widget\" data-widget_type=\"spacer.default\">\n\t\t\t\t<div class=\"elementor-widget-container\">\n\t\t\t\t\t\t\t<div class=\"elementor-spacer\">\n\t\t\t<div class=\"elementor-spacer-inner\"><\/div>\n\t\t<\/div>\n\t\t\t\t\t\t<\/div>\n\t\t\t\t<\/div>\n\t\t\t\t\t<\/div>\n\t\t<\/div>\n\t\t\t\t\t<\/div>\n\t\t<\/section>\n\t\t\t\t<\/div>","protected":false},"excerpt":{"rendered":"<p>Zak\u0142ad Drobiarski Zak\u0142ad Przetw\u00f3rczy Zak\u0142ad Drobiarski Zak\u0142ad Przetw\u00f3rczy PROJEKTY UE<\/p>","protected":false},"author":1,"featured_media":0,"parent":0,"menu_order":0,"comment_status":"closed","ping_status":"closed","template":"elementor_header_footer","meta":{"inline_featured_image":false,"footnotes":""},"class_list":["post-11","page","type-page","status-publish","hentry"],"yoast_head":"<!-- This site is optimized with the Yoast SEO plugin v27.4 - https:\/\/yoast.com\/product\/yoast-seo-wordpress\/ -->\n<title>Strona g\u0142\u00f3wna - KPS Food<\/title>\n<meta name=\"robots\" content=\"index, follow, max-snippet:-1, max-image-preview:large, max-video-preview:-1\" \/>\n<link rel=\"canonical\" href=\"https:\/\/kpsfood.pl\/en\/\" \/>\n<meta property=\"og:locale\" content=\"en_US\" \/>\n<meta property=\"og:type\" content=\"article\" \/>\n<meta property=\"og:title\" content=\"Strona g\u0142\u00f3wna - KPS Food\" \/>\n<meta property=\"og:description\" content=\"Zak\u0142ad Drobiarski Zak\u0142ad Przetw\u00f3rczy Zak\u0142ad Drobiarski Zak\u0142ad Przetw\u00f3rczy PROJEKTY UE\" \/>\n<meta property=\"og:url\" content=\"https:\/\/kpsfood.pl\/en\/\" \/>\n<meta property=\"og:site_name\" content=\"KPS Food\" \/>\n<meta property=\"article:modified_time\" content=\"2025-10-28T11:31:06+00:00\" \/>\n<meta property=\"og:image\" content=\"https:\/\/kpsfood.pl\/wp-content\/uploads\/2025\/06\/baner-dotacje-1024x131.jpeg\" \/>\n<meta name=\"twitter:card\" content=\"summary_large_image\" \/>\n<meta name=\"twitter:label1\" content=\"Est. reading time\" \/>\n\t<meta name=\"twitter:data1\" content=\"1 minute\" \/>\n<script type=\"application\/ld+json\" class=\"yoast-schema-graph\">{\"@context\":\"https:\\\/\\\/schema.org\",\"@graph\":[{\"@type\":\"WebPage\",\"@id\":\"https:\\\/\\\/kpsfood.pl\\\/\",\"url\":\"https:\\\/\\\/kpsfood.pl\\\/\",\"name\":\"Strona g\u0142\u00f3wna - KPS Food\",\"isPartOf\":{\"@id\":\"https:\\\/\\\/kpsfood.pl\\\/#website\"},\"primaryImageOfPage\":{\"@id\":\"https:\\\/\\\/kpsfood.pl\\\/#primaryimage\"},\"image\":{\"@id\":\"https:\\\/\\\/kpsfood.pl\\\/#primaryimage\"},\"thumbnailUrl\":\"https:\\\/\\\/kpsfood.pl\\\/wp-content\\\/uploads\\\/2025\\\/06\\\/baner-dotacje-1024x131.jpeg\",\"datePublished\":\"2019-09-17T11:35:00+00:00\",\"dateModified\":\"2025-10-28T11:31:06+00:00\",\"breadcrumb\":{\"@id\":\"https:\\\/\\\/kpsfood.pl\\\/#breadcrumb\"},\"inLanguage\":\"en-US\",\"potentialAction\":[{\"@type\":\"ReadAction\",\"target\":[\"https:\\\/\\\/kpsfood.pl\\\/\"]}]},{\"@type\":\"ImageObject\",\"inLanguage\":\"en-US\",\"@id\":\"https:\\\/\\\/kpsfood.pl\\\/#primaryimage\",\"url\":\"https:\\\/\\\/kpsfood.pl\\\/wp-content\\\/uploads\\\/2025\\\/06\\\/baner-dotacje-1024x131.jpeg\",\"contentUrl\":\"https:\\\/\\\/kpsfood.pl\\\/wp-content\\\/uploads\\\/2025\\\/06\\\/baner-dotacje-1024x131.jpeg\"},{\"@type\":\"BreadcrumbList\",\"@id\":\"https:\\\/\\\/kpsfood.pl\\\/#breadcrumb\",\"itemListElement\":[{\"@type\":\"ListItem\",\"position\":1,\"name\":\"Strona g\u0142\u00f3wna\",\"item\":\"https:\\\/\\\/kpsfood.pl\\\/\"},{\"@type\":\"ListItem\",\"position\":2,\"name\":\"Strona g\u0142\u00f3wna\"}]},{\"@type\":\"WebSite\",\"@id\":\"https:\\\/\\\/kpsfood.pl\\\/#website\",\"url\":\"https:\\\/\\\/kpsfood.pl\\\/\",\"name\":\"KPS Food\",\"description\":\"Zak\u0142ad drobiarski\",\"potentialAction\":[{\"@type\":\"SearchAction\",\"target\":{\"@type\":\"EntryPoint\",\"urlTemplate\":\"https:\\\/\\\/kpsfood.pl\\\/?s={search_term_string}\"},\"query-input\":{\"@type\":\"PropertyValueSpecification\",\"valueRequired\":true,\"valueName\":\"search_term_string\"}}],\"inLanguage\":\"en-US\"}]}<\/script>\n<!-- \/ Yoast SEO plugin. -->","yoast_head_json":{"title":"Strona g\u0142\u00f3wna - KPS Food","robots":{"index":"index","follow":"follow","max-snippet":"max-snippet:-1","max-image-preview":"max-image-preview:large","max-video-preview":"max-video-preview:-1"},"canonical":"https:\/\/kpsfood.pl\/en\/","og_locale":"en_US","og_type":"article","og_title":"Strona g\u0142\u00f3wna - KPS Food","og_description":"Zak\u0142ad Drobiarski Zak\u0142ad Przetw\u00f3rczy Zak\u0142ad Drobiarski Zak\u0142ad Przetw\u00f3rczy PROJEKTY UE","og_url":"https:\/\/kpsfood.pl\/en\/","og_site_name":"KPS Food","article_modified_time":"2025-10-28T11:31:06+00:00","og_image":[{"url":"https:\/\/kpsfood.pl\/wp-content\/uploads\/2025\/06\/baner-dotacje-1024x131.jpeg","type":"","width":"","height":""}],"twitter_card":"summary_large_image","twitter_misc":{"Est. reading time":"1 minute"},"schema":{"@context":"https:\/\/schema.org","@graph":[{"@type":"WebPage","@id":"https:\/\/kpsfood.pl\/","url":"https:\/\/kpsfood.pl\/","name":"Strona g\u0142\u00f3wna - KPS Food","isPartOf":{"@id":"https:\/\/kpsfood.pl\/#website"},"primaryImageOfPage":{"@id":"https:\/\/kpsfood.pl\/#primaryimage"},"image":{"@id":"https:\/\/kpsfood.pl\/#primaryimage"},"thumbnailUrl":"https:\/\/kpsfood.pl\/wp-content\/uploads\/2025\/06\/baner-dotacje-1024x131.jpeg","datePublished":"2019-09-17T11:35:00+00:00","dateModified":"2025-10-28T11:31:06+00:00","breadcrumb":{"@id":"https:\/\/kpsfood.pl\/#breadcrumb"},"inLanguage":"en-US","potentialAction":[{"@type":"ReadAction","target":["https:\/\/kpsfood.pl\/"]}]},{"@type":"ImageObject","inLanguage":"en-US","@id":"https:\/\/kpsfood.pl\/#primaryimage","url":"https:\/\/kpsfood.pl\/wp-content\/uploads\/2025\/06\/baner-dotacje-1024x131.jpeg","contentUrl":"https:\/\/kpsfood.pl\/wp-content\/uploads\/2025\/06\/baner-dotacje-1024x131.jpeg"},{"@type":"BreadcrumbList","@id":"https:\/\/kpsfood.pl\/#breadcrumb","itemListElement":[{"@type":"ListItem","position":1,"name":"Strona g\u0142\u00f3wna","item":"https:\/\/kpsfood.pl\/"},{"@type":"ListItem","position":2,"name":"Strona g\u0142\u00f3wna"}]},{"@type":"WebSite","@id":"https:\/\/kpsfood.pl\/#website","url":"https:\/\/kpsfood.pl\/","name":"KPS Food","description":"Zak\u0142ad drobiarski","potentialAction":[{"@type":"SearchAction","target":{"@type":"EntryPoint","urlTemplate":"https:\/\/kpsfood.pl\/?s={search_term_string}"},"query-input":{"@type":"PropertyValueSpecification","valueRequired":true,"valueName":"search_term_string"}}],"inLanguage":"en-US"}]}},"_links":{"self":[{"href":"https:\/\/kpsfood.pl\/en\/wp-json\/wp\/v2\/pages\/11","targetHints":{"allow":["GET"]}}],"collection":[{"href":"https:\/\/kpsfood.pl\/en\/wp-json\/wp\/v2\/pages"}],"about":[{"href":"https:\/\/kpsfood.pl\/en\/wp-json\/wp\/v2\/types\/page"}],"author":[{"embeddable":true,"href":"https:\/\/kpsfood.pl\/en\/wp-json\/wp\/v2\/users\/1"}],"replies":[{"embeddable":true,"href":"https:\/\/kpsfood.pl\/en\/wp-json\/wp\/v2\/comments?post=11"}],"version-history":[{"count":479,"href":"https:\/\/kpsfood.pl\/en\/wp-json\/wp\/v2\/pages\/11\/revisions"}],"predecessor-version":[{"id":62873,"href":"https:\/\/kpsfood.pl\/en\/wp-json\/wp\/v2\/pages\/11\/revisions\/62873"}],"wp:attachment":[{"href":"https:\/\/kpsfood.pl\/en\/wp-json\/wp\/v2\/media?parent=11"}],"curies":[{"name":"wp","href":"https:\/\/api.w.org\/{rel}","templated":true}]}}